{"id":17766,"date":"2023-06-27T10:27:33","date_gmt":"2023-06-27T08:27:33","guid":{"rendered":"https:\/\/nsfgames.com\/werken-nsf\/"},"modified":"2026-02-19T09:04:10","modified_gmt":"2026-02-19T08:04:10","slug":"werken-nsf","status":"publish","type":"page","link":"https:\/\/nsfgames.com\/nl\/werken-nsf\/","title":{"rendered":"Werken bij NSF"},"content":{"rendered":"\t\t<div data-elementor-type=\"wp-page\" data-elementor-id=\"17766\" class=\"elementor elementor-17766 elementor-17713\">\n\t\t\t\t\t\t<section class=\"elementor-section elementor-top-section elementor-element elementor-element-29e30e7 elementor-section-items-stretch elementor-section-content-middle elementor-section-full_width elementor-section-height-min-height elementor-section-height-default\" data-id=\"29e30e7\" data-element_type=\"section\" data-settings=\"{&quot;background_background&quot;:&quot;classic&quot;}\">\n\t\t\t\t\t\t\t<div class=\"elementor-background-overlay\"><\/div>\n\t\t\t\t\t\t\t<div class=\"elementor-container elementor-column-gap-no\">\n\t\t\t\t\t<div class=\"elementor-column elementor-col-100 elementor-top-column elementor-element elementor-element-bd6b3e6\" data-id=\"bd6b3e6\" data-element_type=\"column\">\n\t\t\t<div class=\"elementor-widget-wrap elementor-element-populated\">\n\t\t\t\t\t\t<div class=\"elementor-element elementor-element-e6d8555 elementor-widget elementor-widget-heading\" data-id=\"e6d8555\" data-element_type=\"widget\" data-widget_type=\"heading.default\">\n\t\t\t\t<div class=\"elementor-widget-container\">\n\t\t\t<style>\/*! elementor - v3.21.0 - 26-05-2024 *\/\n.elementor-heading-title{padding:0;margin:0;line-height:1}.elementor-widget-heading .elementor-heading-title[class*=elementor-size-]>a{color:inherit;font-size:inherit;line-height:inherit}.elementor-widget-heading .elementor-heading-title.elementor-size-small{font-size:15px}.elementor-widget-heading .elementor-heading-title.elementor-size-medium{font-size:19px}.elementor-widget-heading .elementor-heading-title.elementor-size-large{font-size:29px}.elementor-widget-heading .elementor-heading-title.elementor-size-xl{font-size:39px}.elementor-widget-heading .elementor-heading-title.elementor-size-xxl{font-size:59px}<\/style><h2 class=\"elementor-heading-title elementor-size-default\">Vacatures NSF<\/h2>\t\t<\/div>\n\t\t\t\t<\/div>\n\t\t\t\t\t<\/div>\n\t\t<\/div>\n\t\t\t\t\t<\/div>\n\t\t<\/section>\n\t\t\t\t<section class=\"elementor-section elementor-top-section elementor-element elementor-element-0776015 elementor-section-boxed elementor-section-height-default elementor-section-height-default\" data-id=\"0776015\" data-element_type=\"section\">\n\t\t\t\t\t\t<div class=\"elementor-container elementor-column-gap-default\">\n\t\t\t\t\t<div class=\"elementor-column elementor-col-100 elementor-top-column elementor-element elementor-element-a5d2bd1\" data-id=\"a5d2bd1\" data-element_type=\"column\">\n\t\t\t<div class=\"elementor-widget-wrap elementor-element-populated\">\n\t\t\t\t\t\t<div class=\"elementor-element elementor-element-96048b2 elementor-grid-3 elementor-grid-tablet-2 elementor-grid-mobile-1 elementor-posts--thumbnail-top elementor-posts--show-avatar elementor-card-shadow-yes elementor-posts__hover-gradient elementor-widget elementor-widget-posts\" data-id=\"96048b2\" data-element_type=\"widget\" data-settings=\"{&quot;cards_columns&quot;:&quot;3&quot;,&quot;cards_columns_tablet&quot;:&quot;2&quot;,&quot;cards_columns_mobile&quot;:&quot;1&quot;,&quot;cards_row_gap&quot;:{&quot;unit&quot;:&quot;px&quot;,&quot;size&quot;:35,&quot;sizes&quot;:[]},&quot;cards_row_gap_tablet&quot;:{&quot;unit&quot;:&quot;px&quot;,&quot;size&quot;:&quot;&quot;,&quot;sizes&quot;:[]},&quot;cards_row_gap_mobile&quot;:{&quot;unit&quot;:&quot;px&quot;,&quot;size&quot;:&quot;&quot;,&quot;sizes&quot;:[]}}\" data-widget_type=\"posts.cards\">\n\t\t\t\t<div class=\"elementor-widget-container\">\n\t\t\t<link rel=\"stylesheet\" href=\"https:\/\/nsfgames.com\/wp-content\/plugins\/elementor-pro\/assets\/css\/widget-posts.min.css\">\t\t<div class=\"elementor-posts-container elementor-posts elementor-posts--skin-cards elementor-grid\">\n\t\t\t\t<article class=\"elementor-post elementor-grid-item post-19995 post type-post status-publish format-standard hentry category-geen-onderdeel-van-een-categorie\">\n\t\t\t<div class=\"elementor-post__card\">\n\t\t\t\t<div class=\"elementor-post__text\">\n\t\t\t\t<h3 class=\"elementor-post__title\">\n\t\t\t<a href=\"https:\/\/nsfgames.com\/nl\/vacature-kwaliteitsmedewerker-medemblik\/\" >\n\t\t\t\tVacature: Kwaliteitsmedewerker\t\t\t<\/a>\n\t\t<\/h3>\n\t\t\t\t<div class=\"elementor-post__excerpt\">\n\t\t\t<p>Zorg jij dat alleen topkwaliteit de deur uitgaat? Word Kwaliteitsmedewerker bij de Nederlandse Spellenfabriek en werk mee aan de beste puzzels en bordspellen in een informele en betrokken werkomgeving!<\/p>\n\t\t<\/div>\n\t\t\n\t\t<a class=\"elementor-post__read-more\" href=\"https:\/\/nsfgames.com\/nl\/vacature-kwaliteitsmedewerker-medemblik\/\" aria-label=\"Lees meer over Vacature: Kwaliteitsmedewerker\" >\n\t\t\tMeer info\t\t<\/a>\n\n\t\t\t\t<\/div>\n\t\t\t\t\t<\/div>\n\t\t<\/article>\n\t\t\t\t<article class=\"elementor-post elementor-grid-item post-19304 post type-post status-publish format-standard hentry category-geen-onderdeel-van-een-categorie\">\n\t\t\t<div class=\"elementor-post__card\">\n\t\t\t\t<div class=\"elementor-post__text\">\n\t\t\t\t<h3 class=\"elementor-post__title\">\n\t\t\t<a href=\"https:\/\/nsfgames.com\/nl\/vacature-oproepkracht-productiemedewerker-2\/\" >\n\t\t\t\tVacature: Oproepkracht Productiemedewerker\t\t\t<\/a>\n\t\t<\/h3>\n\t\t\t\t<div class=\"elementor-post__excerpt\">\n\t\t\t<p>Flexibele werkdagen, goed salaris en een informele werksfeer wachten op jou! Word productiemedewerker bij de Nederlandse Spellenfabriek en help bij de productie van hoogwaardige bordspellen en puzzels. Sluit jij je aan bij ons team?<\/p>\n\t\t<\/div>\n\t\t\n\t\t<a class=\"elementor-post__read-more\" href=\"https:\/\/nsfgames.com\/nl\/vacature-oproepkracht-productiemedewerker-2\/\" aria-label=\"Lees meer over Vacature: Oproepkracht Productiemedewerker\" >\n\t\t\tMeer info\t\t<\/a>\n\n\t\t\t\t<\/div>\n\t\t\t\t\t<\/div>\n\t\t<\/article>\n\t\t\t\t<article class=\"elementor-post elementor-grid-item post-19652 post type-post status-publish format-standard hentry category-geen-onderdeel-van-een-categorie\">\n\t\t\t<div class=\"elementor-post__card\">\n\t\t\t\t<div class=\"elementor-post__text\">\n\t\t\t\t<h3 class=\"elementor-post__title\">\n\t\t\t<a href=\"https:\/\/nsfgames.com\/nl\/oferta_pracy_operator_maszyn\/\" >\n\t\t\t\tOferta pracy: Operator maszyn\t\t\t<\/a>\n\t\t<\/h3>\n\t\t\t\t<div class=\"elementor-post__excerpt\">\n\t\t\t<p>Cenisz jako\u015b\u0107 i chcesz pracowa\u0107 przy produkcji znanych gier planszowych? Holenderska firma Spellenfabriek poszukuje operatora maszyn. Obs\u0142uguj zaawansowane maszyny, zdob\u0105d\u017a nowe umiej\u0119tno\u015bci i do\u0142\u0105cz do zmotywowanego zespo\u0142u. Aplikuj ju\u017c teraz i tw\u00f3rz gry przysz\u0142o\u015bci!<\/p>\n\t\t<\/div>\n\t\t\n\t\t<a class=\"elementor-post__read-more\" href=\"https:\/\/nsfgames.com\/nl\/oferta_pracy_operator_maszyn\/\" aria-label=\"Lees meer over Oferta pracy: Operator maszyn\" >\n\t\t\tMeer info\t\t<\/a>\n\n\t\t\t\t<\/div>\n\t\t\t\t\t<\/div>\n\t\t<\/article>\n\t\t\t\t<article class=\"elementor-post elementor-grid-item post-19273 post type-post status-publish format-standard hentry category-geen-onderdeel-van-een-categorie\">\n\t\t\t<div class=\"elementor-post__card\">\n\t\t\t\t<div class=\"elementor-post__text\">\n\t\t\t\t<h3 class=\"elementor-post__title\">\n\t\t\t<a href=\"https:\/\/nsfgames.com\/nl\/vacature-lijn-coordinator\/\" >\n\t\t\t\tVacature: Lijn Co\u00f6rdinator\t\t\t<\/a>\n\t\t<\/h3>\n\t\t\t\t<div class=\"elementor-post__excerpt\">\n\t\t\t<p>De Nederlandse Spellenfabriek zoekt een Lijn-co\u00f6rdinator met ervaring in productie en Lean manufacturing. Je stuurt operators aan, bewaakt effici\u00ebntie, voorkomt verspilling, co\u00f6rdineert verbeterprojecten, en waarborgt kwaliteit en veiligheid. Daarnaast los je storingen op en zorg je voor optimale productieprocessen.<\/p>\n\t\t<\/div>\n\t\t\n\t\t<a class=\"elementor-post__read-more\" href=\"https:\/\/nsfgames.com\/nl\/vacature-lijn-coordinator\/\" aria-label=\"Lees meer over Vacature: Lijn Co\u00f6rdinator\" >\n\t\t\tMeer info\t\t<\/a>\n\n\t\t\t\t<\/div>\n\t\t\t\t\t<\/div>\n\t\t<\/article>\n\t\t\t\t<article class=\"elementor-post elementor-grid-item post-19227 post type-post status-publish format-standard hentry category-geen-onderdeel-van-een-categorie\">\n\t\t\t<div class=\"elementor-post__card\">\n\t\t\t\t<div class=\"elementor-post__text\">\n\t\t\t\t<h3 class=\"elementor-post__title\">\n\t\t\t<a href=\"https:\/\/nsfgames.com\/nl\/vacature-machine-operator\/\" >\n\t\t\t\tVacature: Machine Operator\t\t\t<\/a>\n\t\t<\/h3>\n\t\t\t\t<div class=\"elementor-post__excerpt\">\n\t\t\t<p>Heb jij oog voor kwaliteit en wil je werken aan bekende bordspellen? De Nederlandse Spellenfabriek zoekt een machine operator. Bedien geavanceerde machines, leer nieuwe vaardigheden, en maak deel uit van een gemotiveerd team. Solliciteer nu en cre\u00eber de spellen van morgen!<\/p>\n\t\t<\/div>\n\t\t\n\t\t<a class=\"elementor-post__read-more\" href=\"https:\/\/nsfgames.com\/nl\/vacature-machine-operator\/\" aria-label=\"Lees meer over Vacature: Machine Operator\" >\n\t\t\tMeer info\t\t<\/a>\n\n\t\t\t\t<\/div>\n\t\t\t\t\t<\/div>\n\t\t<\/article>\n\t\t\t\t<article class=\"elementor-post elementor-grid-item post-19434 post type-post status-publish format-standard hentry category-geen-onderdeel-van-een-categorie\">\n\t\t\t<div class=\"elementor-post__card\">\n\t\t\t\t<div class=\"elementor-post__text\">\n\t\t\t\t<h3 class=\"elementor-post__title\">\n\t\t\t<a href=\"https:\/\/nsfgames.com\/nl\/vacature-monteur-technische-dienst\/\" >\n\t\t\t\tVacature: Monteur Technische Dienst\t\t\t<\/a>\n\t\t<\/h3>\n\t\t\t\t<div class=\"elementor-post__excerpt\">\n\t\t\t<p>Heb jij oog voor kwaliteit en wil je werken aan bekende bordspellen? De Nederlandse Spellenfabriek zoekt een machine operator. Bedien geavanceerde machines, leer nieuwe vaardigheden, en maak deel uit van een gemotiveerd team. Solliciteer nu en cre\u00eber de spellen van morgen!<\/p>\n\t\t<\/div>\n\t\t\n\t\t<a class=\"elementor-post__read-more\" href=\"https:\/\/nsfgames.com\/nl\/vacature-monteur-technische-dienst\/\" aria-label=\"Lees meer over Vacature: Monteur Technische Dienst\" >\n\t\t\tMeer info\t\t<\/a>\n\n\t\t\t\t<\/div>\n\t\t\t\t\t<\/div>\n\t\t<\/article>\n\t\t\t\t<\/div>\n\t\t\n\t\t\t\t<\/div>\n\t\t\t\t<\/div>\n\t\t\t\t\t<\/div>\n\t\t<\/div>\n\t\t\t\t\t<\/div>\n\t\t<\/section>\n\t\t<div class=\"elementor-element elementor-element-d9b257e e-flex e-con-boxed e-con e-parent\" data-id=\"d9b257e\" data-element_type=\"container\">\n\t\t\t\t\t<div class=\"e-con-inner\">\n\t\t\t\t<div class=\"elementor-element elementor-element-404199d elementor-widget elementor-widget-text-editor\" data-id=\"404199d\" data-element_type=\"widget\" data-widget_type=\"text-editor.default\">\n\t\t\t\t<div class=\"elementor-widget-container\">\n\t\t\t<style>\/*! elementor - v3.21.0 - 26-05-2024 *\/\n.elementor-widget-text-editor.elementor-drop-cap-view-stacked .elementor-drop-cap{background-color:#69727d;color:#fff}.elementor-widget-text-editor.elementor-drop-cap-view-framed .elementor-drop-cap{color:#69727d;border:3px solid;background-color:transparent}.elementor-widget-text-editor:not(.elementor-drop-cap-view-default) .elementor-drop-cap{margin-top:8px}.elementor-widget-text-editor:not(.elementor-drop-cap-view-default) .elementor-drop-cap-letter{width:1em;height:1em}.elementor-widget-text-editor .elementor-drop-cap{float:left;text-align:center;line-height:1;font-size:50px}.elementor-widget-text-editor .elementor-drop-cap-letter{display:inline-block}<\/style>\t\t\t\t<p><i>\u201cNSF is aangesloten bij de BGDNW. Medewerkers, leveranciers en andere stakeholders kunnen via de website van BGDNW (anoniem) sociaal\/ethische kwesties melden<\/i><\/p>\n\t\t\t\t\t\t<\/div>\n\t\t\t\t<\/div>\n\t\t\t\t\t<\/div>\n\t\t\t\t<\/div>\n\t\t\t\t<section class=\"elementor-section elementor-top-section elementor-element elementor-element-2934ea0 elementor-section-items-stretch elementor-section-content-middle elementor-section-full_width elementor-section-height-min-height elementor-section-height-default\" data-id=\"2934ea0\" data-element_type=\"section\" data-settings=\"{&quot;background_background&quot;:&quot;classic&quot;}\">\n\t\t\t\t\t\t\t<div class=\"elementor-background-overlay\"><\/div>\n\t\t\t\t\t\t\t<div class=\"elementor-container elementor-column-gap-no\">\n\t\t\t\t\t<div class=\"elementor-column elementor-col-100 elementor-top-column elementor-element elementor-element-87373f2\" data-id=\"87373f2\" data-element_type=\"column\">\n\t\t\t<div class=\"elementor-widget-wrap\">\n\t\t\t\t\t\t\t<\/div>\n\t\t<\/div>\n\t\t\t\t\t<\/div>\n\t\t<\/section>\n\t\t\t\t<\/div>\n\t\t","protected":false},"excerpt":{"rendered":"<p>Vacatures NSF \u201cNSF is aangesloten bij de BGDNW. Medewerkers, leveranciers en andere stakeholders kunnen via de website van BGDNW (anoniem) sociaal\/ethische kwesties melden<\/p>\n","protected":false},"author":1,"featured_media":0,"parent":0,"menu_order":0,"comment_status":"closed","ping_status":"closed","template":"","meta":{"footnotes":""},"class_list":["post-17766","page","type-page","status-publish","hentry"],"yoast_head":"<!-- This site is optimized with the Yoast SEO plugin v27.1 - https:\/\/yoast.com\/product\/yoast-seo-wordpress\/ -->\n<title>Werken bij NSF - NSFgames.com<\/title>\n<meta name=\"robots\" content=\"index, follow, max-snippet:-1, max-image-preview:large, max-video-preview:-1\" \/>\n<link rel=\"canonical\" href=\"https:\/\/nsfgames.com\/nl\/werken-nsf\/\" \/>\n<meta property=\"og:locale\" content=\"nl_NL\" \/>\n<meta property=\"og:type\" content=\"article\" \/>\n<meta property=\"og:title\" content=\"Werken bij NSF - NSFgames.com\" \/>\n<meta property=\"og:description\" content=\"Vacatures NSF \u201cNSF is aangesloten bij de BGDNW. Medewerkers, leveranciers en andere stakeholders kunnen via de website van BGDNW (anoniem) sociaal\/ethische kwesties melden\" \/>\n<meta property=\"og:url\" content=\"https:\/\/nsfgames.com\/nl\/werken-nsf\/\" \/>\n<meta property=\"og:site_name\" content=\"NSFgames.com\" \/>\n<meta property=\"article:modified_time\" content=\"2026-02-19T08:04:10+00:00\" \/>\n<meta name=\"twitter:card\" content=\"summary_large_image\" \/>\n<meta name=\"twitter:label1\" content=\"Geschatte leestijd\" \/>\n\t<meta name=\"twitter:data1\" content=\"2 minuten\" \/>\n<script type=\"application\/ld+json\" class=\"yoast-schema-graph\">{\"@context\":\"https:\/\/schema.org\",\"@graph\":[{\"@type\":\"WebPage\",\"@id\":\"https:\/\/nsfgames.com\/nl\/werken-nsf\/\",\"url\":\"https:\/\/nsfgames.com\/nl\/werken-nsf\/\",\"name\":\"Werken bij NSF - NSFgames.com\",\"isPartOf\":{\"@id\":\"https:\/\/nsfgames.com\/#website\"},\"datePublished\":\"2023-06-27T08:27:33+00:00\",\"dateModified\":\"2026-02-19T08:04:10+00:00\",\"breadcrumb\":{\"@id\":\"https:\/\/nsfgames.com\/nl\/werken-nsf\/#breadcrumb\"},\"inLanguage\":\"nl-NL\",\"potentialAction\":[{\"@type\":\"ReadAction\",\"target\":[\"https:\/\/nsfgames.com\/nl\/werken-nsf\/\"]}]},{\"@type\":\"BreadcrumbList\",\"@id\":\"https:\/\/nsfgames.com\/nl\/werken-nsf\/#breadcrumb\",\"itemListElement\":[{\"@type\":\"ListItem\",\"position\":1,\"name\":\"Home\",\"item\":\"https:\/\/nsfgames.com\/nl\/\"},{\"@type\":\"ListItem\",\"position\":2,\"name\":\"Werken bij NSF\"}]},{\"@type\":\"WebSite\",\"@id\":\"https:\/\/nsfgames.com\/#website\",\"url\":\"https:\/\/nsfgames.com\/\",\"name\":\"NSFgames.com\",\"description\":\"Boardgames and Puzzles\",\"publisher\":{\"@id\":\"https:\/\/nsfgames.com\/#organization\"},\"alternateName\":\"Nederlandse Spellenfabriek\",\"potentialAction\":[{\"@type\":\"SearchAction\",\"target\":{\"@type\":\"EntryPoint\",\"urlTemplate\":\"https:\/\/nsfgames.com\/?s={search_term_string}\"},\"query-input\":{\"@type\":\"PropertyValueSpecification\",\"valueRequired\":true,\"valueName\":\"search_term_string\"}}],\"inLanguage\":\"nl-NL\"},{\"@type\":\"Organization\",\"@id\":\"https:\/\/nsfgames.com\/#organization\",\"name\":\"NSFgames.com\",\"url\":\"https:\/\/nsfgames.com\/\",\"logo\":{\"@type\":\"ImageObject\",\"inLanguage\":\"nl-NL\",\"@id\":\"https:\/\/nsfgames.com\/#\/schema\/logo\/image\/\",\"url\":\"https:\/\/nsfgames.com\/wp-content\/uploads\/2017\/06\/NSF-logo-170622-03.png\",\"contentUrl\":\"https:\/\/nsfgames.com\/wp-content\/uploads\/2017\/06\/NSF-logo-170622-03.png\",\"width\":186,\"height\":43,\"caption\":\"NSFgames.com\"},\"image\":{\"@id\":\"https:\/\/nsfgames.com\/#\/schema\/logo\/image\/\"}}]}<\/script>\n<!-- \/ Yoast SEO plugin. -->","yoast_head_json":{"title":"Werken bij NSF - NSFgames.com","robots":{"index":"index","follow":"follow","max-snippet":"max-snippet:-1","max-image-preview":"max-image-preview:large","max-video-preview":"max-video-preview:-1"},"canonical":"https:\/\/nsfgames.com\/nl\/werken-nsf\/","og_locale":"nl_NL","og_type":"article","og_title":"Werken bij NSF - NSFgames.com","og_description":"Vacatures NSF \u201cNSF is aangesloten bij de BGDNW. Medewerkers, leveranciers en andere stakeholders kunnen via de website van BGDNW (anoniem) sociaal\/ethische kwesties melden","og_url":"https:\/\/nsfgames.com\/nl\/werken-nsf\/","og_site_name":"NSFgames.com","article_modified_time":"2026-02-19T08:04:10+00:00","twitter_card":"summary_large_image","twitter_misc":{"Geschatte leestijd":"2 minuten"},"schema":{"@context":"https:\/\/schema.org","@graph":[{"@type":"WebPage","@id":"https:\/\/nsfgames.com\/nl\/werken-nsf\/","url":"https:\/\/nsfgames.com\/nl\/werken-nsf\/","name":"Werken bij NSF - NSFgames.com","isPartOf":{"@id":"https:\/\/nsfgames.com\/#website"},"datePublished":"2023-06-27T08:27:33+00:00","dateModified":"2026-02-19T08:04:10+00:00","breadcrumb":{"@id":"https:\/\/nsfgames.com\/nl\/werken-nsf\/#breadcrumb"},"inLanguage":"nl-NL","potentialAction":[{"@type":"ReadAction","target":["https:\/\/nsfgames.com\/nl\/werken-nsf\/"]}]},{"@type":"BreadcrumbList","@id":"https:\/\/nsfgames.com\/nl\/werken-nsf\/#breadcrumb","itemListElement":[{"@type":"ListItem","position":1,"name":"Home","item":"https:\/\/nsfgames.com\/nl\/"},{"@type":"ListItem","position":2,"name":"Werken bij NSF"}]},{"@type":"WebSite","@id":"https:\/\/nsfgames.com\/#website","url":"https:\/\/nsfgames.com\/","name":"NSFgames.com","description":"Boardgames and Puzzles","publisher":{"@id":"https:\/\/nsfgames.com\/#organization"},"alternateName":"Nederlandse Spellenfabriek","potentialAction":[{"@type":"SearchAction","target":{"@type":"EntryPoint","urlTemplate":"https:\/\/nsfgames.com\/?s={search_term_string}"},"query-input":{"@type":"PropertyValueSpecification","valueRequired":true,"valueName":"search_term_string"}}],"inLanguage":"nl-NL"},{"@type":"Organization","@id":"https:\/\/nsfgames.com\/#organization","name":"NSFgames.com","url":"https:\/\/nsfgames.com\/","logo":{"@type":"ImageObject","inLanguage":"nl-NL","@id":"https:\/\/nsfgames.com\/#\/schema\/logo\/image\/","url":"https:\/\/nsfgames.com\/wp-content\/uploads\/2017\/06\/NSF-logo-170622-03.png","contentUrl":"https:\/\/nsfgames.com\/wp-content\/uploads\/2017\/06\/NSF-logo-170622-03.png","width":186,"height":43,"caption":"NSFgames.com"},"image":{"@id":"https:\/\/nsfgames.com\/#\/schema\/logo\/image\/"}}]}},"_links":{"self":[{"href":"https:\/\/nsfgames.com\/nl\/wp-json\/wp\/v2\/pages\/17766","targetHints":{"allow":["GET"]}}],"collection":[{"href":"https:\/\/nsfgames.com\/nl\/wp-json\/wp\/v2\/pages"}],"about":[{"href":"https:\/\/nsfgames.com\/nl\/wp-json\/wp\/v2\/types\/page"}],"author":[{"embeddable":true,"href":"https:\/\/nsfgames.com\/nl\/wp-json\/wp\/v2\/users\/1"}],"replies":[{"embeddable":true,"href":"https:\/\/nsfgames.com\/nl\/wp-json\/wp\/v2\/comments?post=17766"}],"version-history":[{"count":48,"href":"https:\/\/nsfgames.com\/nl\/wp-json\/wp\/v2\/pages\/17766\/revisions"}],"predecessor-version":[{"id":19964,"href":"https:\/\/nsfgames.com\/nl\/wp-json\/wp\/v2\/pages\/17766\/revisions\/19964"}],"wp:attachment":[{"href":"https:\/\/nsfgames.com\/nl\/wp-json\/wp\/v2\/media?parent=17766"}],"curies":[{"name":"wp","href":"https:\/\/api.w.org\/{rel}","templated":true}]}}