{"id":19871,"date":"2026-02-11T09:49:29","date_gmt":"2026-02-11T08:49:29","guid":{"rendered":"https:\/\/nsfgames.com\/arbeiten-bei-nsf\/"},"modified":"2026-02-16T12:39:01","modified_gmt":"2026-02-16T11:39:01","slug":"arbeiten-bei-nsf","status":"publish","type":"page","link":"https:\/\/nsfgames.com\/de\/arbeiten-bei-nsf\/","title":{"rendered":"Arbeiten @NSF"},"content":{"rendered":"\t\t<div data-elementor-type=\"wp-page\" data-elementor-id=\"19871\" class=\"elementor elementor-19871 elementor-17713\" data-elementor-post-type=\"page\">\n\t\t\t\t\t\t<section class=\"elementor-section elementor-top-section elementor-element elementor-element-29e30e7 elementor-section-items-stretch elementor-section-content-middle elementor-section-full_width elementor-section-height-min-height elementor-section-height-default\" data-id=\"29e30e7\" data-element_type=\"section\" data-e-type=\"section\" data-settings=\"{&quot;background_background&quot;:&quot;classic&quot;}\">\n\t\t\t\t\t\t\t<div class=\"elementor-background-overlay\"><\/div>\n\t\t\t\t\t\t\t<div class=\"elementor-container elementor-column-gap-no\">\n\t\t\t\t\t<div class=\"elementor-column elementor-col-100 elementor-top-column elementor-element elementor-element-bd6b3e6\" data-id=\"bd6b3e6\" data-element_type=\"column\" data-e-type=\"column\">\n\t\t\t<div class=\"elementor-widget-wrap elementor-element-populated\">\n\t\t\t\t\t\t<div class=\"elementor-element elementor-element-e6d8555 elementor-widget elementor-widget-heading\" data-id=\"e6d8555\" data-element_type=\"widget\" data-e-type=\"widget\" data-widget_type=\"heading.default\">\n\t\t\t\t<div class=\"elementor-widget-container\">\n\t\t\t\t\t<h2 class=\"elementor-heading-title elementor-size-default\">Stellenangebote @NSF<\/h2>\t\t\t\t<\/div>\n\t\t\t\t<\/div>\n\t\t\t\t\t<\/div>\n\t\t<\/div>\n\t\t\t\t\t<\/div>\n\t\t<\/section>\n\t\t\t\t<section class=\"elementor-section elementor-top-section elementor-element elementor-element-0776015 elementor-section-boxed elementor-section-height-default elementor-section-height-default\" data-id=\"0776015\" data-element_type=\"section\" data-e-type=\"section\">\n\t\t\t\t\t\t<div class=\"elementor-container elementor-column-gap-default\">\n\t\t\t\t\t<div class=\"elementor-column elementor-col-100 elementor-top-column elementor-element elementor-element-a5d2bd1\" data-id=\"a5d2bd1\" data-element_type=\"column\" data-e-type=\"column\">\n\t\t\t<div class=\"elementor-widget-wrap elementor-element-populated\">\n\t\t\t\t\t\t<div class=\"elementor-element elementor-element-96048b2 elementor-grid-3 elementor-grid-tablet-2 elementor-grid-mobile-1 elementor-posts--thumbnail-top elementor-posts--show-avatar elementor-card-shadow-yes elementor-posts__hover-gradient elementor-widget elementor-widget-posts\" data-id=\"96048b2\" data-element_type=\"widget\" data-e-type=\"widget\" data-settings=\"{&quot;cards_columns&quot;:&quot;3&quot;,&quot;cards_columns_tablet&quot;:&quot;2&quot;,&quot;cards_columns_mobile&quot;:&quot;1&quot;,&quot;cards_row_gap&quot;:{&quot;unit&quot;:&quot;px&quot;,&quot;size&quot;:35,&quot;sizes&quot;:[]},&quot;cards_row_gap_tablet&quot;:{&quot;unit&quot;:&quot;px&quot;,&quot;size&quot;:&quot;&quot;,&quot;sizes&quot;:[]},&quot;cards_row_gap_mobile&quot;:{&quot;unit&quot;:&quot;px&quot;,&quot;size&quot;:&quot;&quot;,&quot;sizes&quot;:[]}}\" data-widget_type=\"posts.cards\">\n\t\t\t\t<div class=\"elementor-widget-container\">\n\t\t\t\t\t\t\t<div class=\"elementor-posts-container elementor-posts elementor-posts--skin-cards elementor-grid\" role=\"list\">\n\t\t\t\t<article class=\"elementor-post elementor-grid-item post-19908 post type-post status-publish format-standard hentry category-no-category\" role=\"listitem\">\n\t\t\t<div class=\"elementor-post__card\">\n\t\t\t\t<div class=\"elementor-post__text\">\n\t\t\t\t<h3 class=\"elementor-post__title\">\n\t\t\t<a href=\"https:\/\/nsfgames.com\/de\/stellenangebot-maschinenbediener-2\/\" >\n\t\t\t\tStellenangebot: Maschinenbediener\t\t\t<\/a>\n\t\t<\/h3>\n\t\t\t\t<div class=\"elementor-post__excerpt\">\n\t\t\t<p>Haben Sie ein Auge f\u00fcr Qualit\u00e4t und m\u00f6chten Sie an bekannten Brettspielen arbeiten? Die Nederlandse Spellenfabriek sucht einen Maschinenbediener. Bedienen Sie hochmoderne Maschinen, erlernen Sie neue F\u00e4higkeiten und werden Sie Teil eines motivierten Teams. Bewerben Sie sich jetzt und gestalten Sie die Spiele von morgen!<\/p>\n\t\t<\/div>\n\t\t\n\t\t<a class=\"elementor-post__read-more\" href=\"https:\/\/nsfgames.com\/de\/stellenangebot-maschinenbediener-2\/\" aria-label=\"Mehr \u00fcber Stellenangebot: Maschinenbediener\" tabindex=\"-1\" >\n\t\t\tWeiterlesen \u00bb\t\t<\/a>\n\n\t\t\t\t<\/div>\n\t\t\t\t\t<\/div>\n\t\t<\/article>\n\t\t\t\t<article class=\"elementor-post elementor-grid-item post-19906 post type-post status-publish format-standard hentry category-no-category\" role=\"listitem\">\n\t\t\t<div class=\"elementor-post__card\">\n\t\t\t\t<div class=\"elementor-post__text\">\n\t\t\t\t<h3 class=\"elementor-post__title\">\n\t\t\t<a href=\"https:\/\/nsfgames.com\/de\/stellenangebot-technischer-servicetechniker\/\" >\n\t\t\t\tStellenangebot: Technischer Servicetechniker\t\t\t<\/a>\n\t\t<\/h3>\n\t\t\t\t<div class=\"elementor-post__excerpt\">\n\t\t\t<p>Haben Sie ein Auge f\u00fcr Qualit\u00e4t und m\u00f6chten Sie an bekannten Brettspielen arbeiten? Die Nederlandse Spellenfabriek sucht einen Maschinenbediener. Bedienen Sie hochmoderne Maschinen, erlernen Sie neue F\u00e4higkeiten und werden Sie Teil eines motivierten Teams. Bewerben Sie sich jetzt und gestalten Sie die Spiele von morgen!<\/p>\n\t\t<\/div>\n\t\t\n\t\t<a class=\"elementor-post__read-more\" href=\"https:\/\/nsfgames.com\/de\/stellenangebot-technischer-servicetechniker\/\" aria-label=\"Mehr \u00fcber Stellenangebot: Technischer Servicetechniker\" tabindex=\"-1\" >\n\t\t\tWeiterlesen \u00bb\t\t<\/a>\n\n\t\t\t\t<\/div>\n\t\t\t\t\t<\/div>\n\t\t<\/article>\n\t\t\t\t<article class=\"elementor-post elementor-grid-item post-19904 post type-post status-publish format-standard hentry category-no-category\" role=\"listitem\">\n\t\t\t<div class=\"elementor-post__card\">\n\t\t\t\t<div class=\"elementor-post__text\">\n\t\t\t\t<h3 class=\"elementor-post__title\">\n\t\t\t<a href=\"https:\/\/nsfgames.com\/de\/stellenangebot-linienkoordinator\/\" >\n\t\t\t\tStellenangebot: Linienkoordinator\t\t\t<\/a>\n\t\t<\/h3>\n\t\t\t\t<div class=\"elementor-post__excerpt\">\n\t\t\t<p>Die Nederlandse Spellenfabriek sucht einen Linienkoordinator mit Erfahrung in der Produktion und im Lean Manufacturing. Sie leiten die Bediener an, \u00fcberwachen die Effizienz, verhindern Verschwendung, koordinieren Verbesserungsprojekte und gew\u00e4hrleisten Qualit\u00e4t und Sicherheit. Dar\u00fcber hinaus beheben Sie St\u00f6rungen und sorgen f\u00fcr optimale Produktionsprozesse.<\/p>\n\t\t<\/div>\n\t\t\n\t\t<a class=\"elementor-post__read-more\" href=\"https:\/\/nsfgames.com\/de\/stellenangebot-linienkoordinator\/\" aria-label=\"Mehr \u00fcber Stellenangebot: Linienkoordinator\" tabindex=\"-1\" >\n\t\t\tWeiterlesen \u00bb\t\t<\/a>\n\n\t\t\t\t<\/div>\n\t\t\t\t\t<\/div>\n\t\t<\/article>\n\t\t\t\t<article class=\"elementor-post elementor-grid-item post-19902 post type-post status-publish format-standard hentry category-no-category\" role=\"listitem\">\n\t\t\t<div class=\"elementor-post__card\">\n\t\t\t\t<div class=\"elementor-post__text\">\n\t\t\t\t<h3 class=\"elementor-post__title\">\n\t\t\t<a href=\"https:\/\/nsfgames.com\/de\/stellenangebot-maschinenbediener\/\" >\n\t\t\t\tStellenangebot: Maschinenbediener\t\t\t<\/a>\n\t\t<\/h3>\n\t\t\t\t<div class=\"elementor-post__excerpt\">\n\t\t\t<p>Sie sch\u00e4tzen Qualit\u00e4t und m\u00f6chten bei der Herstellung bekannter Brettspiele mitarbeiten? Das niederl\u00e4ndische Unternehmen Spellenfabriek sucht einen Maschinenbediener. Bedienen Sie hochmoderne Maschinen, erwerben Sie neue F\u00e4higkeiten und werden Sie Teil eines motivierten Teams. Bewerben Sie sich jetzt und gestalten Sie die Spiele der Zukunft mit!<\/p>\n\t\t<\/div>\n\t\t\n\t\t<a class=\"elementor-post__read-more\" href=\"https:\/\/nsfgames.com\/de\/stellenangebot-maschinenbediener\/\" aria-label=\"Mehr \u00fcber Stellenangebot: Maschinenbediener\" tabindex=\"-1\" >\n\t\t\tWeiterlesen \u00bb\t\t<\/a>\n\n\t\t\t\t<\/div>\n\t\t\t\t\t<\/div>\n\t\t<\/article>\n\t\t\t\t<article class=\"elementor-post elementor-grid-item post-19900 post type-post status-publish format-standard hentry category-no-category\" role=\"listitem\">\n\t\t\t<div class=\"elementor-post__card\">\n\t\t\t\t<div class=\"elementor-post__text\">\n\t\t\t\t<h3 class=\"elementor-post__title\">\n\t\t\t<a href=\"https:\/\/nsfgames.com\/de\/stellenangebot-aushilfskraft-produktionsmitarbeiter\/\" >\n\t\t\t\tStellenangebot: Aushilfskraft Produktionsmitarbeiter\t\t\t<\/a>\n\t\t<\/h3>\n\t\t\t\t<div class=\"elementor-post__excerpt\">\n\t\t\t<p>Flexible Arbeitstage, gutes Gehalt und eine informelle Arbeitsatmosph\u00e4re erwarten dich! Werde Produktionsmitarbeiter bei der Nederlandse Spellenfabriek und hilf bei der Herstellung hochwertiger Brettspiele und Puzzles. Willst du Teil unseres Teams werden?<\/p>\n\t\t<\/div>\n\t\t\n\t\t<a class=\"elementor-post__read-more\" href=\"https:\/\/nsfgames.com\/de\/stellenangebot-aushilfskraft-produktionsmitarbeiter\/\" aria-label=\"Mehr \u00fcber Stellenangebot: Aushilfskraft Produktionsmitarbeiter\" tabindex=\"-1\" >\n\t\t\tWeiterlesen \u00bb\t\t<\/a>\n\n\t\t\t\t<\/div>\n\t\t\t\t\t<\/div>\n\t\t<\/article>\n\t\t\t\t<\/div>\n\t\t\n\t\t\t\t\t\t<\/div>\n\t\t\t\t<\/div>\n\t\t\t\t\t<\/div>\n\t\t<\/div>\n\t\t\t\t\t<\/div>\n\t\t<\/section>\n\t\t<div class=\"elementor-element elementor-element-d9b257e e-flex e-con-boxed e-con e-parent\" data-id=\"d9b257e\" data-element_type=\"container\" data-e-type=\"container\">\n\t\t\t\t\t<div class=\"e-con-inner\">\n\t\t\t\t<div class=\"elementor-element elementor-element-404199d elementor-widget elementor-widget-text-editor\" data-id=\"404199d\" data-element_type=\"widget\" data-e-type=\"widget\" data-widget_type=\"text-editor.default\">\n\t\t\t\t<div class=\"elementor-widget-container\">\n\t\t\t\t\t\t\t\t\t<p><em>NSF ist Mitglied der BGDNW. Mitarbeiter, Lieferanten und andere Interessengruppen k\u00f6nnen soziale\/ethische Probleme auf der Website der BGDNW melden. <\/em><\/p>\n\t\t\t\t\t\t\t\t<\/div>\n\t\t\t\t<\/div>\n\t\t\t\t\t<\/div>\n\t\t\t\t<\/div>\n\t\t\t\t<section class=\"elementor-section elementor-top-section elementor-element elementor-element-2934ea0 elementor-section-items-stretch elementor-section-content-middle elementor-section-full_width elementor-section-height-min-height elementor-section-height-default\" data-id=\"2934ea0\" data-element_type=\"section\" data-e-type=\"section\" data-settings=\"{&quot;background_background&quot;:&quot;classic&quot;}\">\n\t\t\t\t\t\t\t<div class=\"elementor-background-overlay\"><\/div>\n\t\t\t\t\t\t\t<div class=\"elementor-container elementor-column-gap-no\">\n\t\t\t\t\t<div class=\"elementor-column elementor-col-100 elementor-top-column elementor-element elementor-element-87373f2\" data-id=\"87373f2\" data-element_type=\"column\" data-e-type=\"column\">\n\t\t\t<div class=\"elementor-widget-wrap\">\n\t\t\t\t\t\t\t<\/div>\n\t\t<\/div>\n\t\t\t\t\t<\/div>\n\t\t<\/section>\n\t\t\t\t<\/div>\n\t\t","protected":false},"excerpt":{"rendered":"<p>Stellenangebote @NSF NSF ist Mitglied der BGDNW. Mitarbeiter, Lieferanten und andere Interessengruppen k\u00f6nnen soziale\/ethische Probleme auf der Website der BGDNW melden.<\/p>\n","protected":false},"author":1,"featured_media":0,"parent":0,"menu_order":0,"comment_status":"closed","ping_status":"closed","template":"","meta":{"footnotes":""},"class_list":["post-19871","page","type-page","status-publish","hentry"],"yoast_head":"<!-- This site is optimized with the Yoast SEO plugin v27.1 - https:\/\/yoast.com\/product\/yoast-seo-wordpress\/ -->\n<title>Arbeiten @NSF - NSFgames.com<\/title>\n<meta name=\"robots\" content=\"index, follow, max-snippet:-1, max-image-preview:large, max-video-preview:-1\" \/>\n<link rel=\"canonical\" href=\"https:\/\/nsfgames.com\/working-nsf\/\" \/>\n<meta property=\"og:locale\" content=\"de_DE\" \/>\n<meta property=\"og:type\" content=\"article\" \/>\n<meta property=\"og:title\" content=\"Arbeiten @NSF - NSFgames.com\" \/>\n<meta property=\"og:description\" content=\"Stellenangebote @NSF NSF ist Mitglied der BGDNW. Mitarbeiter, Lieferanten und andere Interessengruppen k\u00f6nnen soziale\/ethische Probleme auf der Website der BGDNW melden.\" \/>\n<meta property=\"og:url\" content=\"https:\/\/nsfgames.com\/working-nsf\/\" \/>\n<meta property=\"og:site_name\" content=\"NSFgames.com\" \/>\n<meta property=\"article:modified_time\" content=\"2026-02-16T11:39:01+00:00\" \/>\n<meta name=\"twitter:card\" content=\"summary_large_image\" \/>\n<script type=\"application\/ld+json\" class=\"yoast-schema-graph\">{\"@context\":\"https:\/\/schema.org\",\"@graph\":[{\"@type\":\"WebPage\",\"@id\":\"https:\/\/nsfgames.com\/working-nsf\/\",\"url\":\"https:\/\/nsfgames.com\/working-nsf\/\",\"name\":\"Arbeiten @NSF - NSFgames.com\",\"isPartOf\":{\"@id\":\"https:\/\/nsfgames.com\/#website\"},\"datePublished\":\"2026-02-11T08:49:29+00:00\",\"dateModified\":\"2026-02-16T11:39:01+00:00\",\"breadcrumb\":{\"@id\":\"https:\/\/nsfgames.com\/working-nsf\/#breadcrumb\"},\"inLanguage\":\"de\",\"potentialAction\":[{\"@type\":\"ReadAction\",\"target\":[\"https:\/\/nsfgames.com\/working-nsf\/\"]}]},{\"@type\":\"BreadcrumbList\",\"@id\":\"https:\/\/nsfgames.com\/working-nsf\/#breadcrumb\",\"itemListElement\":[{\"@type\":\"ListItem\",\"position\":1,\"name\":\"Home\",\"item\":\"https:\/\/nsfgames.com\/de\/\"},{\"@type\":\"ListItem\",\"position\":2,\"name\":\"Arbeiten @NSF\"}]},{\"@type\":\"WebSite\",\"@id\":\"https:\/\/nsfgames.com\/#website\",\"url\":\"https:\/\/nsfgames.com\/\",\"name\":\"NSFgames.com\",\"description\":\"Boardgames and Puzzles\",\"publisher\":{\"@id\":\"https:\/\/nsfgames.com\/#organization\"},\"alternateName\":\"Nederlandse Spellenfabriek\",\"potentialAction\":[{\"@type\":\"SearchAction\",\"target\":{\"@type\":\"EntryPoint\",\"urlTemplate\":\"https:\/\/nsfgames.com\/?s={search_term_string}\"},\"query-input\":{\"@type\":\"PropertyValueSpecification\",\"valueRequired\":true,\"valueName\":\"search_term_string\"}}],\"inLanguage\":\"de\"},{\"@type\":\"Organization\",\"@id\":\"https:\/\/nsfgames.com\/#organization\",\"name\":\"NSFgames.com\",\"url\":\"https:\/\/nsfgames.com\/\",\"logo\":{\"@type\":\"ImageObject\",\"inLanguage\":\"de\",\"@id\":\"https:\/\/nsfgames.com\/#\/schema\/logo\/image\/\",\"url\":\"https:\/\/nsfgames.com\/wp-content\/uploads\/2017\/06\/NSF-logo-170622-03.png\",\"contentUrl\":\"https:\/\/nsfgames.com\/wp-content\/uploads\/2017\/06\/NSF-logo-170622-03.png\",\"width\":186,\"height\":43,\"caption\":\"NSFgames.com\"},\"image\":{\"@id\":\"https:\/\/nsfgames.com\/#\/schema\/logo\/image\/\"}}]}<\/script>\n<!-- \/ Yoast SEO plugin. -->","yoast_head_json":{"title":"Arbeiten @NSF - NSFgames.com","robots":{"index":"index","follow":"follow","max-snippet":"max-snippet:-1","max-image-preview":"max-image-preview:large","max-video-preview":"max-video-preview:-1"},"canonical":"https:\/\/nsfgames.com\/working-nsf\/","og_locale":"de_DE","og_type":"article","og_title":"Arbeiten @NSF - NSFgames.com","og_description":"Stellenangebote @NSF NSF ist Mitglied der BGDNW. Mitarbeiter, Lieferanten und andere Interessengruppen k\u00f6nnen soziale\/ethische Probleme auf der Website der BGDNW melden.","og_url":"https:\/\/nsfgames.com\/working-nsf\/","og_site_name":"NSFgames.com","article_modified_time":"2026-02-16T11:39:01+00:00","twitter_card":"summary_large_image","schema":{"@context":"https:\/\/schema.org","@graph":[{"@type":"WebPage","@id":"https:\/\/nsfgames.com\/working-nsf\/","url":"https:\/\/nsfgames.com\/working-nsf\/","name":"Arbeiten @NSF - NSFgames.com","isPartOf":{"@id":"https:\/\/nsfgames.com\/#website"},"datePublished":"2026-02-11T08:49:29+00:00","dateModified":"2026-02-16T11:39:01+00:00","breadcrumb":{"@id":"https:\/\/nsfgames.com\/working-nsf\/#breadcrumb"},"inLanguage":"de","potentialAction":[{"@type":"ReadAction","target":["https:\/\/nsfgames.com\/working-nsf\/"]}]},{"@type":"BreadcrumbList","@id":"https:\/\/nsfgames.com\/working-nsf\/#breadcrumb","itemListElement":[{"@type":"ListItem","position":1,"name":"Home","item":"https:\/\/nsfgames.com\/de\/"},{"@type":"ListItem","position":2,"name":"Arbeiten @NSF"}]},{"@type":"WebSite","@id":"https:\/\/nsfgames.com\/#website","url":"https:\/\/nsfgames.com\/","name":"NSFgames.com","description":"Boardgames and Puzzles","publisher":{"@id":"https:\/\/nsfgames.com\/#organization"},"alternateName":"Nederlandse Spellenfabriek","potentialAction":[{"@type":"SearchAction","target":{"@type":"EntryPoint","urlTemplate":"https:\/\/nsfgames.com\/?s={search_term_string}"},"query-input":{"@type":"PropertyValueSpecification","valueRequired":true,"valueName":"search_term_string"}}],"inLanguage":"de"},{"@type":"Organization","@id":"https:\/\/nsfgames.com\/#organization","name":"NSFgames.com","url":"https:\/\/nsfgames.com\/","logo":{"@type":"ImageObject","inLanguage":"de","@id":"https:\/\/nsfgames.com\/#\/schema\/logo\/image\/","url":"https:\/\/nsfgames.com\/wp-content\/uploads\/2017\/06\/NSF-logo-170622-03.png","contentUrl":"https:\/\/nsfgames.com\/wp-content\/uploads\/2017\/06\/NSF-logo-170622-03.png","width":186,"height":43,"caption":"NSFgames.com"},"image":{"@id":"https:\/\/nsfgames.com\/#\/schema\/logo\/image\/"}}]}},"_links":{"self":[{"href":"https:\/\/nsfgames.com\/de\/wp-json\/wp\/v2\/pages\/19871","targetHints":{"allow":["GET"]}}],"collection":[{"href":"https:\/\/nsfgames.com\/de\/wp-json\/wp\/v2\/pages"}],"about":[{"href":"https:\/\/nsfgames.com\/de\/wp-json\/wp\/v2\/types\/page"}],"author":[{"embeddable":true,"href":"https:\/\/nsfgames.com\/de\/wp-json\/wp\/v2\/users\/1"}],"replies":[{"embeddable":true,"href":"https:\/\/nsfgames.com\/de\/wp-json\/wp\/v2\/comments?post=19871"}],"version-history":[{"count":4,"href":"https:\/\/nsfgames.com\/de\/wp-json\/wp\/v2\/pages\/19871\/revisions"}],"predecessor-version":[{"id":19899,"href":"https:\/\/nsfgames.com\/de\/wp-json\/wp\/v2\/pages\/19871\/revisions\/19899"}],"wp:attachment":[{"href":"https:\/\/nsfgames.com\/de\/wp-json\/wp\/v2\/media?parent=19871"}],"curies":[{"name":"wp","href":"https:\/\/api.w.org\/{rel}","templated":true}]}}