{"id":19869,"date":"2026-02-11T09:47:58","date_gmt":"2026-02-11T08:47:58","guid":{"rendered":"https:\/\/nsfgames.com\/video\/"},"modified":"2026-02-16T11:27:31","modified_gmt":"2026-02-16T10:27:31","slug":"video","status":"publish","type":"page","link":"https:\/\/nsfgames.com\/de\/video\/","title":{"rendered":"Video"},"content":{"rendered":"\t\t<div data-elementor-type=\"wp-page\" data-elementor-id=\"19869\" class=\"elementor elementor-19869 elementor-16599\" data-elementor-post-type=\"page\">\n\t\t\t\t\t\t<section class=\"elementor-section elementor-top-section elementor-element elementor-element-6d5b368 elementor-section-items-stretch elementor-section-content-middle elementor-section-full_width elementor-section-height-min-height elementor-section-height-default\" data-id=\"6d5b368\" data-element_type=\"section\" data-e-type=\"section\" data-settings=\"{&quot;background_background&quot;:&quot;classic&quot;}\">\n\t\t\t\t\t\t\t<div class=\"elementor-background-overlay\"><\/div>\n\t\t\t\t\t\t\t<div class=\"elementor-container elementor-column-gap-no\">\n\t\t\t\t\t<div class=\"elementor-column elementor-col-100 elementor-top-column elementor-element elementor-element-bef5dc2\" data-id=\"bef5dc2\" data-element_type=\"column\" data-e-type=\"column\">\n\t\t\t<div class=\"elementor-widget-wrap elementor-element-populated\">\n\t\t\t\t\t\t<div class=\"elementor-element elementor-element-8d6b0cc elementor-widget elementor-widget-heading\" data-id=\"8d6b0cc\" data-element_type=\"widget\" data-e-type=\"widget\" data-widget_type=\"heading.default\">\n\t\t\t\t<div class=\"elementor-widget-container\">\n\t\t\t\t\t<h3 class=\"elementor-heading-title elementor-size-default\">Wie es hergestellt wird. Brettspiele und Puzzles<\/h3>\t\t\t\t<\/div>\n\t\t\t\t<\/div>\n\t\t\t\t\t<\/div>\n\t\t<\/div>\n\t\t\t\t\t<\/div>\n\t\t<\/section>\n\t\t\t\t<section class=\"elementor-section elementor-top-section elementor-element elementor-element-32e5faa elementor-section-height-min-height elementor-reverse-tablet elementor-reverse-mobile elementor-section-boxed elementor-section-height-default elementor-section-items-middle\" data-id=\"32e5faa\" data-element_type=\"section\" data-e-type=\"section\" data-settings=\"{&quot;background_background&quot;:&quot;classic&quot;,&quot;shape_divider_top&quot;:&quot;waves&quot;,&quot;shape_divider_bottom&quot;:&quot;waves&quot;}\">\n\t\t\t\t\t<div class=\"elementor-shape elementor-shape-top\" aria-hidden=\"true\" data-negative=\"false\">\n\t\t\t<svg xmlns=\"http:\/\/www.w3.org\/2000\/svg\" viewBox=\"0 0 1000 100\" preserveAspectRatio=\"none\">\n\t<path class=\"elementor-shape-fill\" d=\"M421.9,6.5c22.6-2.5,51.5,0.4,75.5,5.3c23.6,4.9,70.9,23.5,100.5,35.7c75.8,32.2,133.7,44.5,192.6,49.7\n\tc23.6,2.1,48.7,3.5,103.4-2.5c54.7-6,106.2-25.6,106.2-25.6V0H0v30.3c0,0,72,32.6,158.4,30.5c39.2-0.7,92.8-6.7,134-22.4\n\tc21.2-8.1,52.2-18.2,79.7-24.2C399.3,7.9,411.6,7.5,421.9,6.5z\"\/>\n<\/svg>\t\t<\/div>\n\t\t\t\t<div class=\"elementor-shape elementor-shape-bottom\" aria-hidden=\"true\" data-negative=\"false\">\n\t\t\t<svg xmlns=\"http:\/\/www.w3.org\/2000\/svg\" viewBox=\"0 0 1000 100\" preserveAspectRatio=\"none\">\n\t<path class=\"elementor-shape-fill\" d=\"M421.9,6.5c22.6-2.5,51.5,0.4,75.5,5.3c23.6,4.9,70.9,23.5,100.5,35.7c75.8,32.2,133.7,44.5,192.6,49.7\n\tc23.6,2.1,48.7,3.5,103.4-2.5c54.7-6,106.2-25.6,106.2-25.6V0H0v30.3c0,0,72,32.6,158.4,30.5c39.2-0.7,92.8-6.7,134-22.4\n\tc21.2-8.1,52.2-18.2,79.7-24.2C399.3,7.9,411.6,7.5,421.9,6.5z\"\/>\n<\/svg>\t\t<\/div>\n\t\t\t\t\t<div class=\"elementor-container elementor-column-gap-default\">\n\t\t\t\t\t<div class=\"elementor-column elementor-col-50 elementor-top-column elementor-element elementor-element-f09b6e5\" data-id=\"f09b6e5\" data-element_type=\"column\" data-e-type=\"column\">\n\t\t\t<div class=\"elementor-widget-wrap elementor-element-populated\">\n\t\t\t\t\t\t<div class=\"elementor-element elementor-element-2257975 elementor-absolute e-transform e-transform elementor-hidden-tablet elementor-hidden-mobile elementor-widget elementor-widget-image\" data-id=\"2257975\" data-element_type=\"widget\" data-e-type=\"widget\" data-settings=\"{&quot;_position&quot;:&quot;absolute&quot;,&quot;_transform_rotateZ_effect&quot;:{&quot;unit&quot;:&quot;px&quot;,&quot;size&quot;:-48,&quot;sizes&quot;:[]},&quot;_transform_flipX_effect&quot;:&quot;transform&quot;,&quot;_transform_rotateZ_effect_tablet&quot;:{&quot;unit&quot;:&quot;deg&quot;,&quot;size&quot;:&quot;&quot;,&quot;sizes&quot;:[]},&quot;_transform_rotateZ_effect_mobile&quot;:{&quot;unit&quot;:&quot;deg&quot;,&quot;size&quot;:&quot;&quot;,&quot;sizes&quot;:[]}}\" data-widget_type=\"image.default\">\n\t\t\t\t<div class=\"elementor-widget-container\">\n\t\t\t\t\t\t\t\t\t\t\t\t\t\t\t<img fetchpriority=\"high\" decoding=\"async\" width=\"250\" height=\"500\" src=\"https:\/\/nsfgames.com\/wp-content\/uploads\/2024\/05\/Untitled-design-550.webp\" class=\"attachment-large size-large wp-image-19811\" alt=\"\" srcset=\"https:\/\/nsfgames.com\/wp-content\/uploads\/2024\/05\/Untitled-design-550.webp 250w, https:\/\/nsfgames.com\/wp-content\/uploads\/2024\/05\/Untitled-design-550-150x300.webp 150w\" sizes=\"(max-width: 250px) 100vw, 250px\" \/>\t\t\t\t\t\t\t\t\t\t\t\t\t\t\t<\/div>\n\t\t\t\t<\/div>\n\t\t\t\t<div class=\"elementor-element elementor-element-13c51ef elementor-widget elementor-widget-video\" data-id=\"13c51ef\" data-element_type=\"widget\" data-e-type=\"widget\" data-settings=\"{&quot;show_image_overlay&quot;:&quot;yes&quot;,&quot;image_overlay&quot;:{&quot;url&quot;:&quot;https:\\\/\\\/nsfgames.com\\\/wp-content\\\/uploads\\\/2024\\\/05\\\/Scherm\\u00adafbeelding-2024-05-22-om-15.31.27.png&quot;,&quot;id&quot;:18802,&quot;size&quot;:&quot;&quot;,&quot;alt&quot;:&quot;&quot;,&quot;source&quot;:&quot;library&quot;},&quot;video_type&quot;:&quot;vimeo&quot;}\" data-widget_type=\"video.default\">\n\t\t\t\t<div class=\"elementor-widget-container\">\n\t\t\t\t\t\t\t<div class=\"elementor-wrapper elementor-open-inline\">\n\t\t\t<iframe class=\"elementor-video-iframe\" allowfullscreen allow=\"clipboard-write\" title=\"vimeo Video Player\" src=\"https:\/\/player.vimeo.com\/video\/953057940?color&amp;autopause=0&amp;loop=0&amp;muted=0&amp;title=1&amp;portrait=1&amp;byline=1#t=\"><\/iframe>\t\t\t\t<div class=\"elementor-custom-embed-image-overlay\" style=\"background-image: url(https:\/\/nsfgames.com\/wp-content\/uploads\/2024\/05\/Scherm\u00adafbeelding-2024-05-22-om-15.31.27.webp);\">\n\t\t\t\t\t\t\t\t\t\t\t\t\t\t\t\t<div class=\"elementor-custom-embed-play\" role=\"button\" aria-label=\"Video abspielen\" tabindex=\"0\">\n\t\t\t\t\t\t\t<i aria-hidden=\"true\" class=\"eicon-play\"><\/i>\t\t\t\t\t\t<\/div>\n\t\t\t\t\t\t\t\t\t<\/div>\n\t\t\t\t\t<\/div>\n\t\t\t\t\t\t<\/div>\n\t\t\t\t<\/div>\n\t\t\t\t\t<\/div>\n\t\t<\/div>\n\t\t\t\t<div class=\"elementor-column elementor-col-50 elementor-top-column elementor-element elementor-element-203a90d\" data-id=\"203a90d\" data-element_type=\"column\" data-e-type=\"column\">\n\t\t\t<div class=\"elementor-widget-wrap elementor-element-populated\">\n\t\t\t\t\t\t<div class=\"elementor-element elementor-element-b80675d elementor-widget elementor-widget-text-editor\" data-id=\"b80675d\" data-element_type=\"widget\" data-e-type=\"widget\" data-widget_type=\"text-editor.default\">\n\t\t\t\t<div class=\"elementor-widget-container\">\n\t\t\t\t\t\t\t\t\t<p>Haben Sie sich schon einmal gefragt, wie Brettspiele und Puzzles hergestellt werden? Dieses Video zeigt den Produktionsprozess bei NSF. Wir sind einer der f\u00fchrenden Hersteller von hochwertigen Brettspielen und Puzzles.<\/p>\n<p>Wenn Sie mehr \u00fcber unser Unternehmen und unsere T\u00e4tigkeit erfahren m\u00f6chten, laden wir Sie ein, weiterzulesen.<\/p>\n\t\t\t\t\t\t\t\t<\/div>\n\t\t\t\t<\/div>\n\t\t\t\t<div class=\"elementor-element elementor-element-77b2414 elementor-mobile-align-center elementor-align-left elementor-widget elementor-widget-button\" data-id=\"77b2414\" data-element_type=\"widget\" data-e-type=\"widget\" data-widget_type=\"button.default\">\n\t\t\t\t<div class=\"elementor-widget-container\">\n\t\t\t\t\t\t\t\t\t<div class=\"elementor-button-wrapper\">\n\t\t\t\t\t<a class=\"elementor-button elementor-button-link elementor-size-sm elementor-animation-rotate\" href=\"\/de\/ueber-uns\/\">\n\t\t\t\t\t\t<span class=\"elementor-button-content-wrapper\">\n\t\t\t\t\t\t\t\t\t<span class=\"elementor-button-text\">\u00dcber uns<\/span>\n\t\t\t\t\t<\/span>\n\t\t\t\t\t<\/a>\n\t\t\t\t<\/div>\n\t\t\t\t\t\t\t\t<\/div>\n\t\t\t\t<\/div>\n\t\t\t\t\t<\/div>\n\t\t<\/div>\n\t\t\t\t\t<\/div>\n\t\t<\/section>\n\t\t\t\t<\/div>\n\t\t","protected":false},"excerpt":{"rendered":"<p>Wie es hergestellt wird. Brettspiele und Puzzles https:\/\/player.vimeo.com\/video\/953057940 Haben Sie sich schon einmal gefragt, wie Brettspiele und Puzzles hergestellt werden? Dieses Video zeigt den Produktionsprozess bei NSF. Wir sind einer der f\u00fchrenden Hersteller von hochwertigen Brettspielen und Puzzles. Wenn Sie mehr \u00fcber unser Unternehmen und unsere T\u00e4tigkeit erfahren m\u00f6chten, laden wir Sie ein, weiterzulesen. \u00dcber [&hellip;]<\/p>\n","protected":false},"author":1,"featured_media":0,"parent":0,"menu_order":0,"comment_status":"closed","ping_status":"closed","template":"","meta":{"footnotes":""},"class_list":["post-19869","page","type-page","status-publish","hentry"],"yoast_head":"<!-- This site is optimized with the Yoast SEO plugin v27.1 - https:\/\/yoast.com\/product\/yoast-seo-wordpress\/ -->\n<title>Video - NSFgames.com<\/title>\n<meta name=\"robots\" content=\"index, follow, max-snippet:-1, max-image-preview:large, max-video-preview:-1\" \/>\n<link rel=\"canonical\" href=\"https:\/\/nsfgames.com\/nl\/video\/\" \/>\n<meta property=\"og:locale\" content=\"de_DE\" \/>\n<meta property=\"og:type\" content=\"article\" \/>\n<meta property=\"og:title\" content=\"Video - NSFgames.com\" \/>\n<meta property=\"og:description\" content=\"Wie es hergestellt wird. Brettspiele und Puzzles https:\/\/player.vimeo.com\/video\/953057940 Haben Sie sich schon einmal gefragt, wie Brettspiele und Puzzles hergestellt werden? Dieses Video zeigt den Produktionsprozess bei NSF. Wir sind einer der f\u00fchrenden Hersteller von hochwertigen Brettspielen und Puzzles. Wenn Sie mehr \u00fcber unser Unternehmen und unsere T\u00e4tigkeit erfahren m\u00f6chten, laden wir Sie ein, weiterzulesen. \u00dcber [&hellip;]\" \/>\n<meta property=\"og:url\" content=\"https:\/\/nsfgames.com\/nl\/video\/\" \/>\n<meta property=\"og:site_name\" content=\"NSFgames.com\" \/>\n<meta property=\"article:modified_time\" content=\"2026-02-16T10:27:31+00:00\" \/>\n<meta property=\"og:image\" content=\"https:\/\/nsfgames.com\/wp-content\/uploads\/2024\/05\/Untitled-design-550.webp\" \/>\n<meta name=\"twitter:card\" content=\"summary_large_image\" \/>\n<script type=\"application\/ld+json\" class=\"yoast-schema-graph\">{\"@context\":\"https:\/\/schema.org\",\"@graph\":[{\"@type\":\"WebPage\",\"@id\":\"https:\/\/nsfgames.com\/nl\/video\/\",\"url\":\"https:\/\/nsfgames.com\/nl\/video\/\",\"name\":\"Video - NSFgames.com\",\"isPartOf\":{\"@id\":\"https:\/\/nsfgames.com\/#website\"},\"primaryImageOfPage\":{\"@id\":\"https:\/\/nsfgames.com\/nl\/video\/#primaryimage\"},\"image\":{\"@id\":\"https:\/\/nsfgames.com\/nl\/video\/#primaryimage\"},\"thumbnailUrl\":\"https:\/\/nsfgames.com\/wp-content\/uploads\/2024\/05\/Untitled-design-550.webp\",\"datePublished\":\"2026-02-11T08:47:58+00:00\",\"dateModified\":\"2026-02-16T10:27:31+00:00\",\"breadcrumb\":{\"@id\":\"https:\/\/nsfgames.com\/nl\/video\/#breadcrumb\"},\"inLanguage\":\"de\",\"potentialAction\":[{\"@type\":\"ReadAction\",\"target\":[\"https:\/\/nsfgames.com\/nl\/video\/\"]}]},{\"@type\":\"ImageObject\",\"inLanguage\":\"de\",\"@id\":\"https:\/\/nsfgames.com\/nl\/video\/#primaryimage\",\"url\":\"https:\/\/nsfgames.com\/wp-content\/uploads\/2024\/05\/Untitled-design-550.webp\",\"contentUrl\":\"https:\/\/nsfgames.com\/wp-content\/uploads\/2024\/05\/Untitled-design-550.webp\"},{\"@type\":\"BreadcrumbList\",\"@id\":\"https:\/\/nsfgames.com\/nl\/video\/#breadcrumb\",\"itemListElement\":[{\"@type\":\"ListItem\",\"position\":1,\"name\":\"Home\",\"item\":\"https:\/\/nsfgames.com\/de\/\"},{\"@type\":\"ListItem\",\"position\":2,\"name\":\"Video\"}]},{\"@type\":\"WebSite\",\"@id\":\"https:\/\/nsfgames.com\/#website\",\"url\":\"https:\/\/nsfgames.com\/\",\"name\":\"NSFgames.com\",\"description\":\"Boardgames and Puzzles\",\"publisher\":{\"@id\":\"https:\/\/nsfgames.com\/#organization\"},\"alternateName\":\"Nederlandse Spellenfabriek\",\"potentialAction\":[{\"@type\":\"SearchAction\",\"target\":{\"@type\":\"EntryPoint\",\"urlTemplate\":\"https:\/\/nsfgames.com\/?s={search_term_string}\"},\"query-input\":{\"@type\":\"PropertyValueSpecification\",\"valueRequired\":true,\"valueName\":\"search_term_string\"}}],\"inLanguage\":\"de\"},{\"@type\":\"Organization\",\"@id\":\"https:\/\/nsfgames.com\/#organization\",\"name\":\"NSFgames.com\",\"url\":\"https:\/\/nsfgames.com\/\",\"logo\":{\"@type\":\"ImageObject\",\"inLanguage\":\"de\",\"@id\":\"https:\/\/nsfgames.com\/#\/schema\/logo\/image\/\",\"url\":\"https:\/\/nsfgames.com\/wp-content\/uploads\/2017\/06\/NSF-logo-170622-03.png\",\"contentUrl\":\"https:\/\/nsfgames.com\/wp-content\/uploads\/2017\/06\/NSF-logo-170622-03.png\",\"width\":186,\"height\":43,\"caption\":\"NSFgames.com\"},\"image\":{\"@id\":\"https:\/\/nsfgames.com\/#\/schema\/logo\/image\/\"}}]}<\/script>\n<!-- \/ Yoast SEO plugin. -->","yoast_head_json":{"title":"Video - NSFgames.com","robots":{"index":"index","follow":"follow","max-snippet":"max-snippet:-1","max-image-preview":"max-image-preview:large","max-video-preview":"max-video-preview:-1"},"canonical":"https:\/\/nsfgames.com\/nl\/video\/","og_locale":"de_DE","og_type":"article","og_title":"Video - NSFgames.com","og_description":"Wie es hergestellt wird. Brettspiele und Puzzles https:\/\/player.vimeo.com\/video\/953057940 Haben Sie sich schon einmal gefragt, wie Brettspiele und Puzzles hergestellt werden? Dieses Video zeigt den Produktionsprozess bei NSF. Wir sind einer der f\u00fchrenden Hersteller von hochwertigen Brettspielen und Puzzles. Wenn Sie mehr \u00fcber unser Unternehmen und unsere T\u00e4tigkeit erfahren m\u00f6chten, laden wir Sie ein, weiterzulesen. \u00dcber [&hellip;]","og_url":"https:\/\/nsfgames.com\/nl\/video\/","og_site_name":"NSFgames.com","article_modified_time":"2026-02-16T10:27:31+00:00","og_image":[{"url":"https:\/\/nsfgames.com\/wp-content\/uploads\/2024\/05\/Untitled-design-550.webp","type":"","width":"","height":""}],"twitter_card":"summary_large_image","schema":{"@context":"https:\/\/schema.org","@graph":[{"@type":"WebPage","@id":"https:\/\/nsfgames.com\/nl\/video\/","url":"https:\/\/nsfgames.com\/nl\/video\/","name":"Video - NSFgames.com","isPartOf":{"@id":"https:\/\/nsfgames.com\/#website"},"primaryImageOfPage":{"@id":"https:\/\/nsfgames.com\/nl\/video\/#primaryimage"},"image":{"@id":"https:\/\/nsfgames.com\/nl\/video\/#primaryimage"},"thumbnailUrl":"https:\/\/nsfgames.com\/wp-content\/uploads\/2024\/05\/Untitled-design-550.webp","datePublished":"2026-02-11T08:47:58+00:00","dateModified":"2026-02-16T10:27:31+00:00","breadcrumb":{"@id":"https:\/\/nsfgames.com\/nl\/video\/#breadcrumb"},"inLanguage":"de","potentialAction":[{"@type":"ReadAction","target":["https:\/\/nsfgames.com\/nl\/video\/"]}]},{"@type":"ImageObject","inLanguage":"de","@id":"https:\/\/nsfgames.com\/nl\/video\/#primaryimage","url":"https:\/\/nsfgames.com\/wp-content\/uploads\/2024\/05\/Untitled-design-550.webp","contentUrl":"https:\/\/nsfgames.com\/wp-content\/uploads\/2024\/05\/Untitled-design-550.webp"},{"@type":"BreadcrumbList","@id":"https:\/\/nsfgames.com\/nl\/video\/#breadcrumb","itemListElement":[{"@type":"ListItem","position":1,"name":"Home","item":"https:\/\/nsfgames.com\/de\/"},{"@type":"ListItem","position":2,"name":"Video"}]},{"@type":"WebSite","@id":"https:\/\/nsfgames.com\/#website","url":"https:\/\/nsfgames.com\/","name":"NSFgames.com","description":"Boardgames and Puzzles","publisher":{"@id":"https:\/\/nsfgames.com\/#organization"},"alternateName":"Nederlandse Spellenfabriek","potentialAction":[{"@type":"SearchAction","target":{"@type":"EntryPoint","urlTemplate":"https:\/\/nsfgames.com\/?s={search_term_string}"},"query-input":{"@type":"PropertyValueSpecification","valueRequired":true,"valueName":"search_term_string"}}],"inLanguage":"de"},{"@type":"Organization","@id":"https:\/\/nsfgames.com\/#organization","name":"NSFgames.com","url":"https:\/\/nsfgames.com\/","logo":{"@type":"ImageObject","inLanguage":"de","@id":"https:\/\/nsfgames.com\/#\/schema\/logo\/image\/","url":"https:\/\/nsfgames.com\/wp-content\/uploads\/2017\/06\/NSF-logo-170622-03.png","contentUrl":"https:\/\/nsfgames.com\/wp-content\/uploads\/2017\/06\/NSF-logo-170622-03.png","width":186,"height":43,"caption":"NSFgames.com"},"image":{"@id":"https:\/\/nsfgames.com\/#\/schema\/logo\/image\/"}}]}},"_links":{"self":[{"href":"https:\/\/nsfgames.com\/de\/wp-json\/wp\/v2\/pages\/19869","targetHints":{"allow":["GET"]}}],"collection":[{"href":"https:\/\/nsfgames.com\/de\/wp-json\/wp\/v2\/pages"}],"about":[{"href":"https:\/\/nsfgames.com\/de\/wp-json\/wp\/v2\/types\/page"}],"author":[{"embeddable":true,"href":"https:\/\/nsfgames.com\/de\/wp-json\/wp\/v2\/users\/1"}],"replies":[{"embeddable":true,"href":"https:\/\/nsfgames.com\/de\/wp-json\/wp\/v2\/comments?post=19869"}],"version-history":[{"count":2,"href":"https:\/\/nsfgames.com\/de\/wp-json\/wp\/v2\/pages\/19869\/revisions"}],"predecessor-version":[{"id":19889,"href":"https:\/\/nsfgames.com\/de\/wp-json\/wp\/v2\/pages\/19869\/revisions\/19889"}],"wp:attachment":[{"href":"https:\/\/nsfgames.com\/de\/wp-json\/wp\/v2\/media?parent=19869"}],"curies":[{"name":"wp","href":"https:\/\/api.w.org\/{rel}","templated":true}]}}