{"id":19867,"date":"2026-02-11T09:46:53","date_gmt":"2026-02-11T08:46:53","guid":{"rendered":"https:\/\/nsfgames.com\/vielen-dank-fuer-ihre-kontaktaufnahme\/"},"modified":"2026-02-16T11:27:39","modified_gmt":"2026-02-16T10:27:39","slug":"vielen-dank-fuer-ihre-kontaktaufnahme","status":"publish","type":"page","link":"https:\/\/nsfgames.com\/de\/vielen-dank-fuer-ihre-kontaktaufnahme\/","title":{"rendered":"Vielen Dank f\u00fcr Ihre Kontaktaufnahme."},"content":{"rendered":"\t\t<div data-elementor-type=\"wp-page\" data-elementor-id=\"19867\" class=\"elementor elementor-19867 elementor-17509\" data-elementor-post-type=\"page\">\n\t\t\t\t\t\t<section class=\"elementor-section elementor-top-section elementor-element elementor-element-18f14029 elementor-section-height-min-height elementor-section-items-stretch elementor-section-content-middle elementor-section-full_width elementor-section-height-default\" data-id=\"18f14029\" data-element_type=\"section\" data-e-type=\"section\" data-settings=\"{&quot;background_background&quot;:&quot;classic&quot;}\">\n\t\t\t\t\t\t<div class=\"elementor-container elementor-column-gap-no\">\n\t\t\t\t\t<div class=\"elementor-column elementor-col-100 elementor-top-column elementor-element elementor-element-5d59fb8e\" data-id=\"5d59fb8e\" data-element_type=\"column\" data-e-type=\"column\">\n\t\t\t<div class=\"elementor-widget-wrap elementor-element-populated\">\n\t\t\t\t\t\t<div class=\"elementor-element elementor-element-2f297fe5 elementor-widget elementor-widget-heading\" data-id=\"2f297fe5\" data-element_type=\"widget\" data-e-type=\"widget\" data-widget_type=\"heading.default\">\n\t\t\t\t<div class=\"elementor-widget-container\">\n\t\t\t\t\t<h1 class=\"elementor-heading-title elementor-size-default\">Danke f\u00fcr deine Nachricht!<\/h1>\t\t\t\t<\/div>\n\t\t\t\t<\/div>\n\t\t\t\t<div class=\"elementor-element elementor-element-2457521 elementor-mobile-align-center elementor-align-left elementor-widget elementor-widget-button\" data-id=\"2457521\" data-element_type=\"widget\" data-e-type=\"widget\" data-widget_type=\"button.default\">\n\t\t\t\t<div class=\"elementor-widget-container\">\n\t\t\t\t\t\t\t\t\t<div class=\"elementor-button-wrapper\">\n\t\t\t\t\t<a class=\"elementor-button elementor-button-link elementor-size-sm\" href=\"https:\/\/nsfgames.com\/de\/\">\n\t\t\t\t\t\t<span class=\"elementor-button-content-wrapper\">\n\t\t\t\t\t\t\t\t\t<span class=\"elementor-button-text\">Zur\u00fcck zur Startseite<\/span>\n\t\t\t\t\t<\/span>\n\t\t\t\t\t<\/a>\n\t\t\t\t<\/div>\n\t\t\t\t\t\t\t\t<\/div>\n\t\t\t\t<\/div>\n\t\t\t\t<div class=\"elementor-element elementor-element-79deeac elementor-widget elementor-widget-image\" data-id=\"79deeac\" data-element_type=\"widget\" data-e-type=\"widget\" data-widget_type=\"image.default\">\n\t\t\t\t<div class=\"elementor-widget-container\">\n\t\t\t\t\t\t\t\t\t\t\t\t\t\t\t<img fetchpriority=\"high\" decoding=\"async\" width=\"800\" height=\"534\" src=\"https:\/\/nsfgames.com\/wp-content\/uploads\/2024\/05\/FotovanDana-HR-4288-1024x683.jpg\" class=\"attachment-large size-large wp-image-19786\" alt=\"\" srcset=\"https:\/\/nsfgames.com\/wp-content\/uploads\/2024\/05\/FotovanDana-HR-4288-1024x683.jpg 1024w, https:\/\/nsfgames.com\/wp-content\/uploads\/2024\/05\/FotovanDana-HR-4288-300x200.jpg 300w, https:\/\/nsfgames.com\/wp-content\/uploads\/2024\/05\/FotovanDana-HR-4288-768x512.jpg 768w, https:\/\/nsfgames.com\/wp-content\/uploads\/2024\/05\/FotovanDana-HR-4288-1536x1024.jpg 1536w, https:\/\/nsfgames.com\/wp-content\/uploads\/2024\/05\/FotovanDana-HR-4288-2048x1365.jpg 2048w\" sizes=\"(max-width: 800px) 100vw, 800px\" \/>\t\t\t\t\t\t\t\t\t\t\t\t\t\t\t<\/div>\n\t\t\t\t<\/div>\n\t\t\t\t\t<\/div>\n\t\t<\/div>\n\t\t\t\t\t<\/div>\n\t\t<\/section>\n\t\t\t\t<\/div>\n\t\t","protected":false},"excerpt":{"rendered":"<p>Danke f\u00fcr deine Nachricht! Zur\u00fcck zur Startseite<\/p>\n","protected":false},"author":1,"featured_media":0,"parent":0,"menu_order":0,"comment_status":"closed","ping_status":"closed","template":"","meta":{"footnotes":""},"class_list":["post-19867","page","type-page","status-publish","hentry"],"yoast_head":"<!-- This site is optimized with the Yoast SEO plugin v27.1 - https:\/\/yoast.com\/product\/yoast-seo-wordpress\/ -->\n<title>Vielen Dank f\u00fcr Ihre Kontaktaufnahme. - NSFgames.com<\/title>\n<meta name=\"robots\" content=\"index, follow, max-snippet:-1, max-image-preview:large, max-video-preview:-1\" \/>\n<link rel=\"canonical\" href=\"https:\/\/nsfgames.com\/nl\/bedankt-dat-je-contact-met-ons-opneemt\/\" \/>\n<meta property=\"og:locale\" content=\"de_DE\" \/>\n<meta property=\"og:type\" content=\"article\" \/>\n<meta property=\"og:title\" content=\"Vielen Dank f\u00fcr Ihre Kontaktaufnahme. - NSFgames.com\" \/>\n<meta property=\"og:description\" content=\"Danke f\u00fcr deine Nachricht! Zur\u00fcck zur Startseite\" \/>\n<meta property=\"og:url\" content=\"https:\/\/nsfgames.com\/nl\/bedankt-dat-je-contact-met-ons-opneemt\/\" \/>\n<meta property=\"og:site_name\" content=\"NSFgames.com\" \/>\n<meta property=\"article:modified_time\" content=\"2026-02-16T10:27:39+00:00\" \/>\n<meta property=\"og:image\" content=\"https:\/\/nsfgames.com\/wp-content\/uploads\/2024\/05\/FotovanDana-HR-4288-1024x683.jpg\" \/>\n<meta name=\"twitter:card\" content=\"summary_large_image\" \/>\n<script type=\"application\/ld+json\" class=\"yoast-schema-graph\">{\"@context\":\"https:\/\/schema.org\",\"@graph\":[{\"@type\":\"WebPage\",\"@id\":\"https:\/\/nsfgames.com\/nl\/bedankt-dat-je-contact-met-ons-opneemt\/\",\"url\":\"https:\/\/nsfgames.com\/nl\/bedankt-dat-je-contact-met-ons-opneemt\/\",\"name\":\"Vielen Dank f\u00fcr Ihre Kontaktaufnahme. - NSFgames.com\",\"isPartOf\":{\"@id\":\"https:\/\/nsfgames.com\/#website\"},\"primaryImageOfPage\":{\"@id\":\"https:\/\/nsfgames.com\/nl\/bedankt-dat-je-contact-met-ons-opneemt\/#primaryimage\"},\"image\":{\"@id\":\"https:\/\/nsfgames.com\/nl\/bedankt-dat-je-contact-met-ons-opneemt\/#primaryimage\"},\"thumbnailUrl\":\"https:\/\/nsfgames.com\/wp-content\/uploads\/2024\/05\/FotovanDana-HR-4288-1024x683.jpg\",\"datePublished\":\"2026-02-11T08:46:53+00:00\",\"dateModified\":\"2026-02-16T10:27:39+00:00\",\"breadcrumb\":{\"@id\":\"https:\/\/nsfgames.com\/nl\/bedankt-dat-je-contact-met-ons-opneemt\/#breadcrumb\"},\"inLanguage\":\"de\",\"potentialAction\":[{\"@type\":\"ReadAction\",\"target\":[\"https:\/\/nsfgames.com\/nl\/bedankt-dat-je-contact-met-ons-opneemt\/\"]}]},{\"@type\":\"ImageObject\",\"inLanguage\":\"de\",\"@id\":\"https:\/\/nsfgames.com\/nl\/bedankt-dat-je-contact-met-ons-opneemt\/#primaryimage\",\"url\":\"https:\/\/nsfgames.com\/wp-content\/uploads\/2024\/05\/FotovanDana-HR-4288-1024x683.jpg\",\"contentUrl\":\"https:\/\/nsfgames.com\/wp-content\/uploads\/2024\/05\/FotovanDana-HR-4288-1024x683.jpg\"},{\"@type\":\"BreadcrumbList\",\"@id\":\"https:\/\/nsfgames.com\/nl\/bedankt-dat-je-contact-met-ons-opneemt\/#breadcrumb\",\"itemListElement\":[{\"@type\":\"ListItem\",\"position\":1,\"name\":\"Home\",\"item\":\"https:\/\/nsfgames.com\/de\/\"},{\"@type\":\"ListItem\",\"position\":2,\"name\":\"Vielen Dank f\u00fcr Ihre Kontaktaufnahme.\"}]},{\"@type\":\"WebSite\",\"@id\":\"https:\/\/nsfgames.com\/#website\",\"url\":\"https:\/\/nsfgames.com\/\",\"name\":\"NSFgames.com\",\"description\":\"Boardgames and Puzzles\",\"publisher\":{\"@id\":\"https:\/\/nsfgames.com\/#organization\"},\"alternateName\":\"Nederlandse Spellenfabriek\",\"potentialAction\":[{\"@type\":\"SearchAction\",\"target\":{\"@type\":\"EntryPoint\",\"urlTemplate\":\"https:\/\/nsfgames.com\/?s={search_term_string}\"},\"query-input\":{\"@type\":\"PropertyValueSpecification\",\"valueRequired\":true,\"valueName\":\"search_term_string\"}}],\"inLanguage\":\"de\"},{\"@type\":\"Organization\",\"@id\":\"https:\/\/nsfgames.com\/#organization\",\"name\":\"NSFgames.com\",\"url\":\"https:\/\/nsfgames.com\/\",\"logo\":{\"@type\":\"ImageObject\",\"inLanguage\":\"de\",\"@id\":\"https:\/\/nsfgames.com\/#\/schema\/logo\/image\/\",\"url\":\"https:\/\/nsfgames.com\/wp-content\/uploads\/2017\/06\/NSF-logo-170622-03.png\",\"contentUrl\":\"https:\/\/nsfgames.com\/wp-content\/uploads\/2017\/06\/NSF-logo-170622-03.png\",\"width\":186,\"height\":43,\"caption\":\"NSFgames.com\"},\"image\":{\"@id\":\"https:\/\/nsfgames.com\/#\/schema\/logo\/image\/\"}}]}<\/script>\n<!-- \/ Yoast SEO plugin. -->","yoast_head_json":{"title":"Vielen Dank f\u00fcr Ihre Kontaktaufnahme. - NSFgames.com","robots":{"index":"index","follow":"follow","max-snippet":"max-snippet:-1","max-image-preview":"max-image-preview:large","max-video-preview":"max-video-preview:-1"},"canonical":"https:\/\/nsfgames.com\/nl\/bedankt-dat-je-contact-met-ons-opneemt\/","og_locale":"de_DE","og_type":"article","og_title":"Vielen Dank f\u00fcr Ihre Kontaktaufnahme. - NSFgames.com","og_description":"Danke f\u00fcr deine Nachricht! Zur\u00fcck zur Startseite","og_url":"https:\/\/nsfgames.com\/nl\/bedankt-dat-je-contact-met-ons-opneemt\/","og_site_name":"NSFgames.com","article_modified_time":"2026-02-16T10:27:39+00:00","og_image":[{"url":"https:\/\/nsfgames.com\/wp-content\/uploads\/2024\/05\/FotovanDana-HR-4288-1024x683.jpg","type":"","width":"","height":""}],"twitter_card":"summary_large_image","schema":{"@context":"https:\/\/schema.org","@graph":[{"@type":"WebPage","@id":"https:\/\/nsfgames.com\/nl\/bedankt-dat-je-contact-met-ons-opneemt\/","url":"https:\/\/nsfgames.com\/nl\/bedankt-dat-je-contact-met-ons-opneemt\/","name":"Vielen Dank f\u00fcr Ihre Kontaktaufnahme. - NSFgames.com","isPartOf":{"@id":"https:\/\/nsfgames.com\/#website"},"primaryImageOfPage":{"@id":"https:\/\/nsfgames.com\/nl\/bedankt-dat-je-contact-met-ons-opneemt\/#primaryimage"},"image":{"@id":"https:\/\/nsfgames.com\/nl\/bedankt-dat-je-contact-met-ons-opneemt\/#primaryimage"},"thumbnailUrl":"https:\/\/nsfgames.com\/wp-content\/uploads\/2024\/05\/FotovanDana-HR-4288-1024x683.jpg","datePublished":"2026-02-11T08:46:53+00:00","dateModified":"2026-02-16T10:27:39+00:00","breadcrumb":{"@id":"https:\/\/nsfgames.com\/nl\/bedankt-dat-je-contact-met-ons-opneemt\/#breadcrumb"},"inLanguage":"de","potentialAction":[{"@type":"ReadAction","target":["https:\/\/nsfgames.com\/nl\/bedankt-dat-je-contact-met-ons-opneemt\/"]}]},{"@type":"ImageObject","inLanguage":"de","@id":"https:\/\/nsfgames.com\/nl\/bedankt-dat-je-contact-met-ons-opneemt\/#primaryimage","url":"https:\/\/nsfgames.com\/wp-content\/uploads\/2024\/05\/FotovanDana-HR-4288-1024x683.jpg","contentUrl":"https:\/\/nsfgames.com\/wp-content\/uploads\/2024\/05\/FotovanDana-HR-4288-1024x683.jpg"},{"@type":"BreadcrumbList","@id":"https:\/\/nsfgames.com\/nl\/bedankt-dat-je-contact-met-ons-opneemt\/#breadcrumb","itemListElement":[{"@type":"ListItem","position":1,"name":"Home","item":"https:\/\/nsfgames.com\/de\/"},{"@type":"ListItem","position":2,"name":"Vielen Dank f\u00fcr Ihre Kontaktaufnahme."}]},{"@type":"WebSite","@id":"https:\/\/nsfgames.com\/#website","url":"https:\/\/nsfgames.com\/","name":"NSFgames.com","description":"Boardgames and Puzzles","publisher":{"@id":"https:\/\/nsfgames.com\/#organization"},"alternateName":"Nederlandse Spellenfabriek","potentialAction":[{"@type":"SearchAction","target":{"@type":"EntryPoint","urlTemplate":"https:\/\/nsfgames.com\/?s={search_term_string}"},"query-input":{"@type":"PropertyValueSpecification","valueRequired":true,"valueName":"search_term_string"}}],"inLanguage":"de"},{"@type":"Organization","@id":"https:\/\/nsfgames.com\/#organization","name":"NSFgames.com","url":"https:\/\/nsfgames.com\/","logo":{"@type":"ImageObject","inLanguage":"de","@id":"https:\/\/nsfgames.com\/#\/schema\/logo\/image\/","url":"https:\/\/nsfgames.com\/wp-content\/uploads\/2017\/06\/NSF-logo-170622-03.png","contentUrl":"https:\/\/nsfgames.com\/wp-content\/uploads\/2017\/06\/NSF-logo-170622-03.png","width":186,"height":43,"caption":"NSFgames.com"},"image":{"@id":"https:\/\/nsfgames.com\/#\/schema\/logo\/image\/"}}]}},"_links":{"self":[{"href":"https:\/\/nsfgames.com\/de\/wp-json\/wp\/v2\/pages\/19867","targetHints":{"allow":["GET"]}}],"collection":[{"href":"https:\/\/nsfgames.com\/de\/wp-json\/wp\/v2\/pages"}],"about":[{"href":"https:\/\/nsfgames.com\/de\/wp-json\/wp\/v2\/types\/page"}],"author":[{"embeddable":true,"href":"https:\/\/nsfgames.com\/de\/wp-json\/wp\/v2\/users\/1"}],"replies":[{"embeddable":true,"href":"https:\/\/nsfgames.com\/de\/wp-json\/wp\/v2\/comments?post=19867"}],"version-history":[{"count":1,"href":"https:\/\/nsfgames.com\/de\/wp-json\/wp\/v2\/pages\/19867\/revisions"}],"predecessor-version":[{"id":19868,"href":"https:\/\/nsfgames.com\/de\/wp-json\/wp\/v2\/pages\/19867\/revisions\/19868"}],"wp:attachment":[{"href":"https:\/\/nsfgames.com\/de\/wp-json\/wp\/v2\/media?parent=19867"}],"curies":[{"name":"wp","href":"https:\/\/api.w.org\/{rel}","templated":true}]}}